{"id":108,"date":"2023-10-03T14:35:03","date_gmt":"2023-10-03T12:35:03","guid":{"rendered":"http:\/\/nowa.exeltis.pl\/?page_id=108"},"modified":"2023-10-03T14:35:25","modified_gmt":"2023-10-03T12:35:25","slug":"kariera","status":"publish","type":"page","link":"https:\/\/exeltis.pl\/index.php\/kariera\/","title":{"rendered":"Kariera"},"content":{"rendered":"\n<p>Jeste\u015bmy dynamiczn\u0105 firm\u0105, kt\u00f3rej celem jest ci\u0105g\u0142y rozw\u00f3j. Zdajemy sobie spraw\u0119, \u017ce satysfakcja i zaanga\u017cowanie naszych pracownik\u00f3w s\u0105 \u017ar\u00f3d\u0142em naszego sukcesu. Razem z Tob\u0105 mo\u017cemy tworzy\u0107 nasz wsp\u00f3lny sukces. Je\u015bli jeste\u015b dobrze zorganizowany, wyr\u00f3\u017cnia Ci\u0119 optymizm, energia w dzia\u0142aniu, chcesz rozwija\u0107 swoj\u0105 karier\u0119 i dzieli\u0107 si\u0119 do\u015bwiadczeniem \u2013 szukamy w\u0142a\u015bnie Ciebie!<\/p>\n\n\n\n<p>Chcesz do\u0142\u0105czy\u0107 do Exeltis? Prze\u015blij nam swoje CV na adres:\u00a0<a href=\"mailto:rekrutacja@exeltis.com\">rekrutacja@exeltis.com<\/a><\/p>\n","protected":false},"excerpt":{"rendered":"<p>Jeste\u015bmy dynamiczn\u0105 firm\u0105, kt\u00f3rej celem jest ci\u0105g\u0142y rozw\u00f3j. Zdajemy sobie spraw\u0119, \u017ce satysfakcja i zaanga\u017cowanie naszych pracownik\u00f3w s\u0105 \u017ar\u00f3d\u0142em naszego sukcesu. Razem z Tob\u0105 mo\u017cemy tworzy\u0107 nasz wsp\u00f3lny sukces. Je\u015bli jeste\u015b dobrze zorganizowany, wyr\u00f3\u017cnia Ci\u0119 optymizm, energia w dzia\u0142aniu, chcesz rozwija\u0107 swoj\u0105 karier\u0119 i dzieli\u0107 si\u0119 do\u015bwiadczeniem \u2013 szukamy w\u0142a\u015bnie Ciebie! Chcesz do\u0142\u0105czy\u0107 do Exeltis? [&hellip;]<\/p>\n","protected":false},"author":1,"featured_media":0,"parent":0,"menu_order":0,"comment_status":"closed","ping_status":"closed","template":"","meta":{"footnotes":""},"class_list":["post-108","page","type-page","status-publish","czr-hentry"],"_links":{"self":[{"href":"https:\/\/exeltis.pl\/index.php\/wp-json\/wp\/v2\/pages\/108","targetHints":{"allow":["GET"]}}],"collection":[{"href":"https:\/\/exeltis.pl\/index.php\/wp-json\/wp\/v2\/pages"}],"about":[{"href":"https:\/\/exeltis.pl\/index.php\/wp-json\/wp\/v2\/types\/page"}],"author":[{"embeddable":true,"href":"https:\/\/exeltis.pl\/index.php\/wp-json\/wp\/v2\/users\/1"}],"replies":[{"embeddable":true,"href":"https:\/\/exeltis.pl\/index.php\/wp-json\/wp\/v2\/comments?post=108"}],"version-history":[{"count":2,"href":"https:\/\/exeltis.pl\/index.php\/wp-json\/wp\/v2\/pages\/108\/revisions"}],"predecessor-version":[{"id":112,"href":"https:\/\/exeltis.pl\/index.php\/wp-json\/wp\/v2\/pages\/108\/revisions\/112"}],"wp:attachment":[{"href":"https:\/\/exeltis.pl\/index.php\/wp-json\/wp\/v2\/media?parent=108"}],"curies":[{"name":"wp","href":"https:\/\/api.w.org\/{rel}","templated":true}]}}