{"id":21,"date":"2023-10-03T13:47:27","date_gmt":"2023-10-03T11:47:27","guid":{"rendered":"http:\/\/nowa.exeltis.pl\/?page_id=21"},"modified":"2023-10-03T15:03:12","modified_gmt":"2023-10-03T13:03:12","slug":"o-nas","status":"publish","type":"page","link":"https:\/\/exeltis.pl\/index.php\/o-nas\/","title":{"rendered":"O nas"},"content":{"rendered":"\n<p>Nowy etap w kierunku poprawy zdrowia<br>Exeltis powsta\u0142o w wyniku rozwoju Grupy CHEMO \u2013 prowadz\u0105cej kompleksowe badania po\u015bwi\u0119cone zdrowiu. Exeltis wnosi ducha innowacji do dotychczasowego do\u015bwiadczenia i wiedzy Grupy CHEMO, by przyczyni\u0107 si\u0119 do poprawy jako\u015bci \u017cycia milion\u00f3w ludzi na ca\u0142ym \u015bwiecie.<\/p>\n\n\n\n<p>Naszym celem jest poprawa jako\u015bci \u017cycia i zdrowia ludzi<br>Ludzie s\u0105 zawsze w centrum naszej uwagi. Pracujemy z my\u015bl\u0105 o nich. Pragn\u0105c dostarczy\u0107 lepsze rozwi\u0105zania terapeutyczne i dotrze\u0107 do wi\u0119kszej liczby ludzi na ca\u0142ym \u015bwiecie, Exeltis pracuje na ka\u017cdym kontynencie. Dzi\u0119ki temu wielu pacjent\u00f3w uzyska\u0142o b\u0142yskawiczny dost\u0119p do naszych produkt\u00f3w.<\/p>\n\n\n\n<p>Firma w ci\u0105g\u0142ym rozwoju<br>W duchu innowacji wykorzystujemy nasz\u0105 wiedz\u0119, \u015brodki i kapita\u0142 ludzki, aby stworzy\u0107 leki spe\u0142niaj\u0105ce oczekiwania pacjent\u00f3w.<\/p>\n\n\n\n<p>Szukamy nowych alternatyw w r\u00f3\u017cnych obszarach terapeutycznych. Dlatego po\u0142\u0105czyli\u015bmy si\u0142y wielu firm farmaceutycznych, kt\u00f3re podzielaj\u0105 nasz entuzjazm.<\/p>\n\n\n\n<p><\/p>\n","protected":false},"excerpt":{"rendered":"<p>Nowy etap w kierunku poprawy zdrowiaExeltis powsta\u0142o w wyniku rozwoju Grupy CHEMO \u2013 prowadz\u0105cej kompleksowe badania po\u015bwi\u0119cone zdrowiu. Exeltis wnosi ducha innowacji do dotychczasowego do\u015bwiadczenia i wiedzy Grupy CHEMO, by przyczyni\u0107 si\u0119 do poprawy jako\u015bci \u017cycia milion\u00f3w ludzi na ca\u0142ym \u015bwiecie. Naszym celem jest poprawa jako\u015bci \u017cycia i zdrowia ludziLudzie s\u0105 zawsze w centrum naszej [&hellip;]<\/p>\n","protected":false},"author":1,"featured_media":0,"parent":0,"menu_order":0,"comment_status":"closed","ping_status":"closed","template":"","meta":{"footnotes":""},"class_list":["post-21","page","type-page","status-publish","czr-hentry"],"_links":{"self":[{"href":"https:\/\/exeltis.pl\/index.php\/wp-json\/wp\/v2\/pages\/21","targetHints":{"allow":["GET"]}}],"collection":[{"href":"https:\/\/exeltis.pl\/index.php\/wp-json\/wp\/v2\/pages"}],"about":[{"href":"https:\/\/exeltis.pl\/index.php\/wp-json\/wp\/v2\/types\/page"}],"author":[{"embeddable":true,"href":"https:\/\/exeltis.pl\/index.php\/wp-json\/wp\/v2\/users\/1"}],"replies":[{"embeddable":true,"href":"https:\/\/exeltis.pl\/index.php\/wp-json\/wp\/v2\/comments?post=21"}],"version-history":[{"count":2,"href":"https:\/\/exeltis.pl\/index.php\/wp-json\/wp\/v2\/pages\/21\/revisions"}],"predecessor-version":[{"id":135,"href":"https:\/\/exeltis.pl\/index.php\/wp-json\/wp\/v2\/pages\/21\/revisions\/135"}],"wp:attachment":[{"href":"https:\/\/exeltis.pl\/index.php\/wp-json\/wp\/v2\/media?parent=21"}],"curies":[{"name":"wp","href":"https:\/\/api.w.org\/{rel}","templated":true}]}}