{"id":22,"date":"2023-10-03T13:47:27","date_gmt":"2023-10-03T11:47:27","guid":{"rendered":"http:\/\/nowa.exeltis.pl\/?page_id=22"},"modified":"2023-10-03T15:01:19","modified_gmt":"2023-10-03T13:01:19","slug":"exeltis-poland-sp-z-o-o","status":"publish","type":"page","link":"https:\/\/exeltis.pl\/index.php\/exeltis-poland-sp-z-o-o\/","title":{"rendered":"Exeltis Poland Sp. z o.o."},"content":{"rendered":"\n<p>EXELTIS POLAND Sp. z o.o. to przede wszystkim ludzie<br>Nasz zesp\u00f3\u0142 sk\u0142ada si\u0119 ze zmotywowanych i do\u015bwiadczonych ludzi, kt\u00f3rzy maj\u0105 wsp\u00f3ln\u0105 pasj\u0119 i cel \u2013 zrozumienie potrzeb pacjent\u00f3w i lekarzy w Polsce oraz zaoferowanie im produkt\u00f3w najwy\u017cszej jako\u015bci, aby polepszy\u0107 jako\u015b\u0107 \u017cycia i zdrowia Polak\u00f3w. W sk\u0142ad Exeltis Poland Sp. z o.o. wchodz\u0105 Dzia\u0142 Rejestracji, dbaj\u0105cy o powi\u0119kszenie portfela produkt\u00f3w, pr\u0119\u017cnie rozwijaj\u0105cy si\u0119 Dzia\u0142 Marketingu i Sprzeda\u017cy oraz Dzia\u0142 Finansowo-Ksi\u0119gowy.<\/p>\n\n\n\n<p>Dzia\u0142 Sprzeda\u017cy i Marketingu<br>Dzia\u0142 Sprzeda\u017cy i Marketingu to grupa zaanga\u017cowanych i ambitnych ludzi, kt\u00f3rzy tworz\u0105 strategie oraz wsp\u00f3\u0142pracuj\u0105 z klientami Exeltis Poland Sp. z o.o. Staramy si\u0119 zrozumie\u0107 potrzeby lekarzy i farmaceut\u00f3w, wyj\u015b\u0107 im naprzeciw i, co najwa\u017cniejsze, sprosta\u0107 oczekiwaniom pacjent\u00f3w.<\/p>\n\n\n\n<p>Do naszego zespo\u0142u zapraszamy ludzi nietuzinkowych, zaanga\u017cowanych w prac\u0119 i gotowych na wyzwania stawiane przez rynek farmaceutyczny. Promowanie wiedzy o naszych produktach, i edukacja pacjent\u00f3w, np. w zakresie antykoncepcji hormonalnej &#8211; to nasze cele.<\/p>\n\n\n\n<p>Nasi przedstawiciele codziennie odwiedzaj\u0105 specjalist\u00f3w \u2013 lekarzy i farmaceut\u00f3w \u2013 w ca\u0142ym kraju. Wszystkim przedstawicielom oferujemy intensywne szkolenia , podczas kt\u00f3rych nasi pracownicy dziel\u0105 si\u0119 z nimi bezcenn\u0105 wiedz\u0105 i do\u015bwiadczeniem. To gwarantuje wysok\u0105 jako\u015b\u0107 pracy ka\u017cdego przedstawiciela Exeltis Poland Sp. z o.o. i sta\u0142y rozw\u00f3j.<\/p>\n\n\n\n<p>Zadaniem Dzia\u0142u Marketingu jest analiza rynku farmaceutycznego w Polsce w oparciu o badania, najnowsze trendy terapeutyczne i odkrycia medyczne. Na tej podstawie przewidujemy oczekiwania i potrzeby lekarzy, farmaceut\u00f3w i pacjent\u00f3w, a nasze dzia\u0142ania dostosowujemy do nich.<\/p>\n\n\n\n<p>Dzia\u0142 Rejestracji<br>Dzia\u0142 Rejestracji Exeltis Poland Sp. z o.o. koncentruje si\u0119 na przygotowaniu dokumentacji rejestracyjnych oraz prowadzeniu licznych proces\u00f3w w zakresie rejestracji, rerejestracji oraz zmian porejestracyjnych.<\/p>\n\n\n\n<p>Naszym celem jest znajdywanie jak najlepszych rozwi\u0105za\u0144 rejestracyjnych oraz prowadzenie procedur w taki spos\u00f3b, aby mie\u015bci\u0142y si\u0119 one w za\u0142o\u017conych przez firm\u0119 planach biznesowych.<\/p>\n\n\n\n<p>Prowadzimy procesy rejestracyjne nie tylko w kraju, ale te\u017c na innych rynkach europejskich i \u015bwiatowych. W naszym portfolio produktowym znajduj\u0105 si\u0119 produkty lecznicze, wyroby medyczne i suplementy diety.<\/p>\n\n\n\n<p>Dzia\u0142 Finans\u00f3w i Administracji<br>Do g\u0142\u00f3wnych zada\u0144 Dzia\u0142u Finans\u00f3w i Administracji nale\u017cy przyjmowanie i sprawdzanie pod wzgl\u0119dem formalnym i rachunkowym dokument\u00f3w ksi\u0119gowych oraz prowadzenie i nadzorowanie ca\u0142o\u015bci spraw z zakresu obs\u0142ugi finansowo-ksi\u0119gowej. Przeprowadzamy r\u00f3wnie\u017c monitoring i windykacj\u0119 nale\u017cno\u015bci.<\/p>\n\n\n\n<p>Ponadto kompleksowo dbamy o kszta\u0142towanie wsp\u00f3\u0142pracy z naszymi dostawcami, odbiorcami oraz bie\u017c\u0105c\u0105 obs\u0142ug\u0119 zam\u00f3wie\u0144.<\/p>\n\n\n\n<p>\u015aci\u015ble wsp\u00f3\u0142pracujemy z pozosta\u0142ymi kom\u00f3rkami organizacyjnymi firmy w zakresie planowania i wykonania planu finansowego.<\/p>\n","protected":false},"excerpt":{"rendered":"<p>EXELTIS POLAND Sp. z o.o. to przede wszystkim ludzieNasz zesp\u00f3\u0142 sk\u0142ada si\u0119 ze zmotywowanych i do\u015bwiadczonych ludzi, kt\u00f3rzy maj\u0105 wsp\u00f3ln\u0105 pasj\u0119 i cel \u2013 zrozumienie potrzeb pacjent\u00f3w i lekarzy w Polsce oraz zaoferowanie im produkt\u00f3w najwy\u017cszej jako\u015bci, aby polepszy\u0107 jako\u015b\u0107 \u017cycia i zdrowia Polak\u00f3w. W sk\u0142ad Exeltis Poland Sp. z o.o. wchodz\u0105 Dzia\u0142 Rejestracji, dbaj\u0105cy [&hellip;]<\/p>\n","protected":false},"author":1,"featured_media":0,"parent":0,"menu_order":0,"comment_status":"closed","ping_status":"closed","template":"","meta":{"footnotes":""},"class_list":["post-22","page","type-page","status-publish","czr-hentry"],"_links":{"self":[{"href":"https:\/\/exeltis.pl\/index.php\/wp-json\/wp\/v2\/pages\/22","targetHints":{"allow":["GET"]}}],"collection":[{"href":"https:\/\/exeltis.pl\/index.php\/wp-json\/wp\/v2\/pages"}],"about":[{"href":"https:\/\/exeltis.pl\/index.php\/wp-json\/wp\/v2\/types\/page"}],"author":[{"embeddable":true,"href":"https:\/\/exeltis.pl\/index.php\/wp-json\/wp\/v2\/users\/1"}],"replies":[{"embeddable":true,"href":"https:\/\/exeltis.pl\/index.php\/wp-json\/wp\/v2\/comments?post=22"}],"version-history":[{"count":2,"href":"https:\/\/exeltis.pl\/index.php\/wp-json\/wp\/v2\/pages\/22\/revisions"}],"predecessor-version":[{"id":133,"href":"https:\/\/exeltis.pl\/index.php\/wp-json\/wp\/v2\/pages\/22\/revisions\/133"}],"wp:attachment":[{"href":"https:\/\/exeltis.pl\/index.php\/wp-json\/wp\/v2\/media?parent=22"}],"curies":[{"name":"wp","href":"https:\/\/api.w.org\/{rel}","templated":true}]}}