{"id":24,"date":"2023-10-03T13:47:27","date_gmt":"2023-10-03T11:47:27","guid":{"rendered":"http:\/\/nowa.exeltis.pl\/?page_id=24"},"modified":"2023-11-07T21:53:10","modified_gmt":"2023-11-07T20:53:10","slug":"co-nas-wyroznia","status":"publish","type":"page","link":"https:\/\/exeltis.pl\/index.php\/co-nas-wyroznia\/","title":{"rendered":"Co nas wyr\u00f3\u017cnia"},"content":{"rendered":"\r\n<p>Naszym motto jest\u00a0<strong><em>\u201cRethinking Healthcare\u201d<\/em><\/strong>. Oddaje ono nasz\u0105 filozofi\u0119, charakter i etos pracy. My\u015blimy o opiece zdrowotnej w nowy spos\u00f3b.<\/p>\r\n<div><img loading=\"lazy\" decoding=\"async\" class=\"alignright\" src=\"https:\/\/nowa.exeltis.pl\/img\/gallery\/02_QUE-NOS-DEFINE_EXELTIS_ESP.png\" alt=\"02_QUE NOS DEFINE_EXELTIS_ESP\" width=\"286\" height=\"233\" \/><\/div>\r\n<ul>\r\n<li>Si\u0142a <strong>przedsi\u0119biorczo\u015bci i innowacyjno\u015bci<\/strong><\/li>\r\n<li><strong>Niezale\u017cno\u015b\u0107<\/strong>\u00a0i my\u015blenie o przysz\u0142o\u015bci<\/li>\r\n<li>Sta\u0142y rozw\u00f3j i skupienie si\u0119 na\u00a0<strong>poprawie zdrowia ludzi<\/strong><\/li>\r\n<li><strong>Globalna wizja<\/strong>\u00a0i dzia\u0142ania lokalne<\/li>\r\n<li><strong>Innowacyjno\u015b\u0107\u00a0<\/strong>po\u0142\u0105czona z wiedz\u0105 i do\u015bwiadczeniem<\/li>\r\n<li><strong>Nieustaj\u0105ca<\/strong>\u00a0ewolucja firmy<\/li>\r\n<li><strong>Nasz zesp\u00f3\u0142:\u00a0<\/strong>ekspercki, elastyczny, kreatywny, entuzjastyczny i zmotywowany<\/li>\r\n<\/ul>\r\n<div id=\"right_col\">\r\n<div id=\"claim_box\">Exeltis d\u0105\u017cy do doskona\u0142o\u015bci, innowacyjno\u015bci i r\u00f3\u017cnorodno\u015bci.<\/div>\r\n<\/div>\r\n","protected":false},"excerpt":{"rendered":"<p>Naszym motto jest\u00a0\u201cRethinking Healthcare\u201d. Oddaje ono nasz\u0105 filozofi\u0119, charakter i etos pracy. My\u015blimy o opiece zdrowotnej w nowy spos\u00f3b. Si\u0142a przedsi\u0119biorczo\u015bci i innowacyjno\u015bci Niezale\u017cno\u015b\u0107\u00a0i my\u015blenie o przysz\u0142o\u015bci Sta\u0142y rozw\u00f3j i skupienie si\u0119 na\u00a0poprawie zdrowia ludzi Globalna wizja\u00a0i dzia\u0142ania lokalne Innowacyjno\u015b\u0107\u00a0po\u0142\u0105czona z wiedz\u0105 i do\u015bwiadczeniem Nieustaj\u0105ca\u00a0ewolucja firmy Nasz zesp\u00f3\u0142:\u00a0ekspercki, elastyczny, kreatywny, entuzjastyczny i zmotywowany Exeltis d\u0105\u017cy [&hellip;]<\/p>\n","protected":false},"author":1,"featured_media":0,"parent":0,"menu_order":0,"comment_status":"closed","ping_status":"closed","template":"","meta":{"footnotes":""},"class_list":["post-24","page","type-page","status-publish","czr-hentry"],"_links":{"self":[{"href":"https:\/\/exeltis.pl\/index.php\/wp-json\/wp\/v2\/pages\/24","targetHints":{"allow":["GET"]}}],"collection":[{"href":"https:\/\/exeltis.pl\/index.php\/wp-json\/wp\/v2\/pages"}],"about":[{"href":"https:\/\/exeltis.pl\/index.php\/wp-json\/wp\/v2\/types\/page"}],"author":[{"embeddable":true,"href":"https:\/\/exeltis.pl\/index.php\/wp-json\/wp\/v2\/users\/1"}],"replies":[{"embeddable":true,"href":"https:\/\/exeltis.pl\/index.php\/wp-json\/wp\/v2\/comments?post=24"}],"version-history":[{"count":5,"href":"https:\/\/exeltis.pl\/index.php\/wp-json\/wp\/v2\/pages\/24\/revisions"}],"predecessor-version":[{"id":185,"href":"https:\/\/exeltis.pl\/index.php\/wp-json\/wp\/v2\/pages\/24\/revisions\/185"}],"wp:attachment":[{"href":"https:\/\/exeltis.pl\/index.php\/wp-json\/wp\/v2\/media?parent=24"}],"curies":[{"name":"wp","href":"https:\/\/api.w.org\/{rel}","templated":true}]}}