{"id":25,"date":"2023-10-03T13:47:27","date_gmt":"2023-10-03T11:47:27","guid":{"rendered":"http:\/\/nowa.exeltis.pl\/?page_id=25"},"modified":"2023-10-03T15:00:32","modified_gmt":"2023-10-03T13:00:32","slug":"liczby-i-fakty","status":"publish","type":"page","link":"https:\/\/exeltis.pl\/index.php\/liczby-i-fakty\/","title":{"rendered":"Liczby i fakty"},"content":{"rendered":"\n<ul class=\"wp-block-list\">\n<li>\u015awiatowa organizacja obecna w ponad&nbsp;<strong>40 krajach<\/strong><\/li>\n\n\n\n<li>Blisko&nbsp;<strong>4000 wykwalifikowanych pracownik\u00f3w<\/strong><\/li>\n\n\n\n<li>Silna pozycja w sektorze&nbsp;<strong>lek\u00f3w kierowanych do kobiet<\/strong>&nbsp;oraz innych, jak&nbsp;<strong>leki pulmonologiczne, gastrologiczne i&nbsp;dermatologiczne<\/strong><\/li>\n\n\n\n<li>Portfolio, na kt\u00f3re sk\u0142ada si\u0119&nbsp;<strong>ponad 300 lek\u00f3w i produkt\u00f3w medycznych<\/strong>, dost\u0119pnych dla milion\u00f3w ludzi<\/li>\n\n\n\n<li>Pr\u0119\u017cny dzia\u0142 sprzeda\u017cy, w kt\u00f3rym pracuje&nbsp;<strong>ponad 2000 przedstawicieli medycznych<\/strong><\/li>\n\n\n\n<li><strong>Innowacyjna, szybko rozwijaj\u0105ca si\u0119 i ewoluuj\u0105ca&nbsp;<\/strong>firma, posiadaj\u0105ca ponad 30 sp\u00f3\u0142ek zale\u017cnych na \u015bwiecie<\/li>\n\n\n\n<li>Sta\u0142e d\u0105\u017cenie do&nbsp;<strong>doskona\u0142o\u015bci oraz r\u00f3\u017cnorodno\u015b\u0107 i uczciwo\u015b\u0107<\/strong><\/li>\n\n\n\n<li><strong>Sie\u0107 wytw\u00f3rc\u00f3w<\/strong>&nbsp;w Europie, obu Amerykach i Azji<\/li>\n<\/ul>\n","protected":false},"excerpt":{"rendered":"","protected":false},"author":1,"featured_media":0,"parent":0,"menu_order":0,"comment_status":"closed","ping_status":"closed","template":"","meta":{"footnotes":""},"class_list":["post-25","page","type-page","status-publish","czr-hentry"],"_links":{"self":[{"href":"https:\/\/exeltis.pl\/index.php\/wp-json\/wp\/v2\/pages\/25","targetHints":{"allow":["GET"]}}],"collection":[{"href":"https:\/\/exeltis.pl\/index.php\/wp-json\/wp\/v2\/pages"}],"about":[{"href":"https:\/\/exeltis.pl\/index.php\/wp-json\/wp\/v2\/types\/page"}],"author":[{"embeddable":true,"href":"https:\/\/exeltis.pl\/index.php\/wp-json\/wp\/v2\/users\/1"}],"replies":[{"embeddable":true,"href":"https:\/\/exeltis.pl\/index.php\/wp-json\/wp\/v2\/comments?post=25"}],"version-history":[{"count":2,"href":"https:\/\/exeltis.pl\/index.php\/wp-json\/wp\/v2\/pages\/25\/revisions"}],"predecessor-version":[{"id":131,"href":"https:\/\/exeltis.pl\/index.php\/wp-json\/wp\/v2\/pages\/25\/revisions\/131"}],"wp:attachment":[{"href":"https:\/\/exeltis.pl\/index.php\/wp-json\/wp\/v2\/media?parent=25"}],"curies":[{"name":"wp","href":"https:\/\/api.w.org\/{rel}","templated":true}]}}