{"id":27,"date":"2023-10-03T13:47:27","date_gmt":"2023-10-03T11:47:27","guid":{"rendered":"http:\/\/nowa.exeltis.pl\/?page_id=27"},"modified":"2023-10-03T15:00:12","modified_gmt":"2023-10-03T13:00:12","slug":"zaangazowanie","status":"publish","type":"page","link":"https:\/\/exeltis.pl\/index.php\/zaangazowanie\/","title":{"rendered":"Zaanga\u017cowanie"},"content":{"rendered":"\n<h2 class=\"wp-block-heading\">Dla zdrowia i polepszenia jako\u015bci \u017cycia ludzi<\/h2>\n\n\n\n<p>Codziennie dok\u0142adamy stara\u0144, aby osi\u0105gn\u0105\u0107 nasze cele. Wszystkie nasze wysi\u0142ki, zasoby i kapita\u0142 ludzki zorientowane s\u0105 i skoncentrowane na tworzeniu lek\u00f3w, suplement\u00f3w diety i wyrob\u00f3w medycznych.<\/p>\n\n\n\n<p>W naszych wysi\u0142kach zmierzamy do zapewnienia ludziom coraz szybszego i \u0142atwiejszego dost\u0119pu do lek\u00f3w. Dlatego nawi\u0105zujemy wsp\u00f3\u0142prac\u0119 z wieloma firmami, co umo\u017cliwia nam dzia\u0142anie na ca\u0142ym \u015bwiecie.<\/p>\n\n\n\n<h2 class=\"wp-block-heading\">Odpowiedzialno\u015b\u0107<\/h2>\n\n\n\n<p>Jeste\u015bmy \u015bwiadomi wp\u0142ywu naszej pracy na jako\u015b\u0107 \u017cycia wielu ludzi. Dlatego nie tylko dostarczamy rozwi\u0105zania medyczne \u2013 zawsze staramy si\u0119 o ich najwy\u017csz\u0105 jako\u015b\u0107 i bezpiecze\u0144stwo.<\/p>\n\n\n\n<p>Wszystkie nasze procesy podlegaj\u0105 \u015bci\u015ble opracowanym standardom i s\u0105 w zgodzie z mi\u0119dzynarodowym prawem i&nbsp;wymogami, a tak\u017ce ze stworzonymi przez nas standardami jako\u015bci i bezpiecze\u0144stwa.<\/p>\n\n\n\n<h2 class=\"wp-block-heading\">W trosce o \u015brodowisko<\/h2>\n\n\n\n<p>Realizujemy programy odpowiedzialno\u015bci spo\u0142ecznej w zakresie zr\u00f3wnowa\u017conego rozwoju, ochrony \u015brodowiska i klimatu.Exeltis stara si\u0119 by\u0107 przyjazne \u015brodowisku. Stale ulepszamy procesy produkcji, produkty i us\u0142ugi, aby pomaga\u0107 w jego ochronie. Pracujemy nad tym, \u017ceby zminimalizowa\u0107 wp\u0142yw naszych produkt\u00f3w, fabryk i biur na ekosystem, zmniejszy\u0107 wytwarzanie odpad\u00f3w i wykorzystanie zasob\u00f3w naturalnych oraz promowa\u0107 ekologiczny styl \u017cycia w ca\u0142ej firmie.<\/p>\n\n\n\n<h2 class=\"wp-block-heading\">Po\u015bwi\u0119ceni walce z zapomnianymi chorobami<\/h2>\n\n\n\n<p>Poprzez Fundacj\u0119 Mundo Sano Exeltis pracuje nad sposobami zapobiegania i leczenia Zapomnianych Chor\u00f3b Tropikalnych (ang. NTDs \u2013 Neglected Tropical Diseases), takich jak choroba Chagasa i denga, kt\u00f3re dotykaj\u0105 miliony ludzi na ca\u0142ym \u015bwiecie, zw\u0142aszcza w krajach rozwijaj\u0105cych si\u0119.<\/p>\n\n\n\n<p>Mundo Sano jest cz\u0119\u015bci\u0105 \u015bwiatowego stowarzyszenia prowadzonego przez Fundacj\u0119 Billa i Melindy Gates, kt\u00f3rej celem jest promowanie wsp\u00f3\u0142pracy dla jak najszybszego opanowania lub likwidacji 10 Zapomnianych Chor\u00f3b Tropikalnych. Fundacja wspiera cele, kt\u00f3re \u015awiatowa Organizacja Zdrowia (WHO) i ONZ, poprzez Milenijne Cele Rozwoju, chc\u0105 osi\u0105gn\u0105\u0107 do 2020 roku.<\/p>\n\n\n\n<p><a href=\"https:\/\/www.mundosano.org\/en\/\">Wi\u0119cej informacji mo\u017cesz znale\u017a\u0107 na stronie internetowej Mundo Sano<\/a><\/p>\n","protected":false},"excerpt":{"rendered":"<p>Dla zdrowia i polepszenia jako\u015bci \u017cycia ludzi Codziennie dok\u0142adamy stara\u0144, aby osi\u0105gn\u0105\u0107 nasze cele. Wszystkie nasze wysi\u0142ki, zasoby i kapita\u0142 ludzki zorientowane s\u0105 i skoncentrowane na tworzeniu lek\u00f3w, suplement\u00f3w diety i wyrob\u00f3w medycznych. W naszych wysi\u0142kach zmierzamy do zapewnienia ludziom coraz szybszego i \u0142atwiejszego dost\u0119pu do lek\u00f3w. Dlatego nawi\u0105zujemy wsp\u00f3\u0142prac\u0119 z wieloma firmami, co umo\u017cliwia [&hellip;]<\/p>\n","protected":false},"author":1,"featured_media":0,"parent":0,"menu_order":0,"comment_status":"closed","ping_status":"closed","template":"","meta":{"footnotes":""},"class_list":["post-27","page","type-page","status-publish","czr-hentry"],"_links":{"self":[{"href":"https:\/\/exeltis.pl\/index.php\/wp-json\/wp\/v2\/pages\/27","targetHints":{"allow":["GET"]}}],"collection":[{"href":"https:\/\/exeltis.pl\/index.php\/wp-json\/wp\/v2\/pages"}],"about":[{"href":"https:\/\/exeltis.pl\/index.php\/wp-json\/wp\/v2\/types\/page"}],"author":[{"embeddable":true,"href":"https:\/\/exeltis.pl\/index.php\/wp-json\/wp\/v2\/users\/1"}],"replies":[{"embeddable":true,"href":"https:\/\/exeltis.pl\/index.php\/wp-json\/wp\/v2\/comments?post=27"}],"version-history":[{"count":2,"href":"https:\/\/exeltis.pl\/index.php\/wp-json\/wp\/v2\/pages\/27\/revisions"}],"predecessor-version":[{"id":130,"href":"https:\/\/exeltis.pl\/index.php\/wp-json\/wp\/v2\/pages\/27\/revisions\/130"}],"wp:attachment":[{"href":"https:\/\/exeltis.pl\/index.php\/wp-json\/wp\/v2\/media?parent=27"}],"curies":[{"name":"wp","href":"https:\/\/api.w.org\/{rel}","templated":true}]}}