{"id":351,"date":"2024-07-22T09:05:13","date_gmt":"2024-07-22T07:05:13","guid":{"rendered":"https:\/\/exeltis.pl\/?page_id=351"},"modified":"2024-07-24T11:44:23","modified_gmt":"2024-07-24T09:44:23","slug":"oun-produkty-bez-recepty","status":"publish","type":"page","link":"https:\/\/exeltis.pl\/index.php\/oun-produkty-bez-recepty\/","title":{"rendered":"OUN &#8211; produkty bez recepty"},"content":{"rendered":"<h2>Novabrain<\/h2>\n<h2><img loading=\"lazy\" decoding=\"async\" class=\"alignnone size-medium wp-image-347\" src=\"https:\/\/exeltis.pl\/wp-content\/uploads\/2024\/07\/Novabrain-300x200.png\" alt=\"\" width=\"300\" height=\"200\" srcset=\"https:\/\/exeltis.pl\/wp-content\/uploads\/2024\/07\/Novabrain-300x200.png 300w, https:\/\/exeltis.pl\/wp-content\/uploads\/2024\/07\/Novabrain-1024x683.png 1024w, https:\/\/exeltis.pl\/wp-content\/uploads\/2024\/07\/Novabrain-768x512.png 768w, https:\/\/exeltis.pl\/wp-content\/uploads\/2024\/07\/Novabrain-570x380.png 570w, https:\/\/exeltis.pl\/wp-content\/uploads\/2024\/07\/Novabrain.png 1200w\" sizes=\"auto, (max-width: 300px) 100vw, 300px\" \/><\/h2>\n<p>Novabrain to innowacyjny suplement diety opracowany z my\u015bl\u0105 o kompleksowym wsparciu funkcji m\u00f3zgu, szczeg\u00f3lnie dla os\u00f3b po 50. roku \u017cycia. Zawiera bogat\u0105 kompozycj\u0119 sk\u0142adnik\u00f3w, takich jak kwasy omega-3, witaminy B6 i B12, cytykolina oraz kurkuma, kt\u00f3re wspieraj\u0105 pami\u0119\u0107, koncentracj\u0119 oraz prawid\u0142owe funkcjonowanie uk\u0142adu nerwowego. Dzi\u0119ki starannie wyselekcjonowanym sk\u0142adnikom, Novabrain przyczynia si\u0119 do poprawy proces\u00f3w my\u015blowych i poznawczych, pomagaj\u0105c utrzyma\u0107 sprawno\u015b\u0107 umys\u0142ow\u0105 na najwy\u017cszym poziomie.<\/p>\n<p><strong>Materia\u0142y dla konsumenta:<\/strong><\/p>\n<p>Strona internetowa po\u015bwi\u0119cona suplementowi &#8211; <a href=\"https:\/\/novabrain.pl\/\">https:\/\/novabrain.pl\/<\/a><\/p>\n<p><a href=\"https:\/\/novabrain.pl\/wp-content\/uploads\/2024\/06\/Novabrain-ulotka-dla-konsumenta.pdf\">Ulotka dla konsumenta<\/a><\/p>\n<p><a href=\"https:\/\/novabrain.pl\/wp-content\/uploads\/2024\/06\/Novabrain_ulotka.pdf\">Informacja o produkcie<\/a><\/p>\n<p><a href=\"https:\/\/novabrain.pl\/wp-content\/uploads\/2024\/06\/Novabrain_informacja-o-produkcie.pdf\">Artyku\u0142 naukowy \u2013 mgr Katarzyna Szczechowiak <\/a><\/p>\n<hr \/>\n","protected":false},"excerpt":{"rendered":"<p>Novabrain Novabrain to innowacyjny suplement diety opracowany z my\u015bl\u0105 o kompleksowym wsparciu funkcji m\u00f3zgu, szczeg\u00f3lnie dla os\u00f3b po 50. roku \u017cycia. Zawiera bogat\u0105 kompozycj\u0119 sk\u0142adnik\u00f3w, takich jak kwasy omega-3, witaminy B6 i B12, cytykolina oraz kurkuma, kt\u00f3re wspieraj\u0105 pami\u0119\u0107, koncentracj\u0119 oraz prawid\u0142owe funkcjonowanie uk\u0142adu nerwowego. Dzi\u0119ki starannie wyselekcjonowanym sk\u0142adnikom, Novabrain przyczynia si\u0119 do poprawy proces\u00f3w [&hellip;]<\/p>\n","protected":false},"author":1,"featured_media":0,"parent":0,"menu_order":0,"comment_status":"closed","ping_status":"closed","template":"","meta":{"footnotes":""},"class_list":["post-351","page","type-page","status-publish","czr-hentry"],"_links":{"self":[{"href":"https:\/\/exeltis.pl\/index.php\/wp-json\/wp\/v2\/pages\/351","targetHints":{"allow":["GET"]}}],"collection":[{"href":"https:\/\/exeltis.pl\/index.php\/wp-json\/wp\/v2\/pages"}],"about":[{"href":"https:\/\/exeltis.pl\/index.php\/wp-json\/wp\/v2\/types\/page"}],"author":[{"embeddable":true,"href":"https:\/\/exeltis.pl\/index.php\/wp-json\/wp\/v2\/users\/1"}],"replies":[{"embeddable":true,"href":"https:\/\/exeltis.pl\/index.php\/wp-json\/wp\/v2\/comments?post=351"}],"version-history":[{"count":4,"href":"https:\/\/exeltis.pl\/index.php\/wp-json\/wp\/v2\/pages\/351\/revisions"}],"predecessor-version":[{"id":428,"href":"https:\/\/exeltis.pl\/index.php\/wp-json\/wp\/v2\/pages\/351\/revisions\/428"}],"wp:attachment":[{"href":"https:\/\/exeltis.pl\/index.php\/wp-json\/wp\/v2\/media?parent=351"}],"curies":[{"name":"wp","href":"https:\/\/api.w.org\/{rel}","templated":true}]}}