{"id":442,"date":"2026-04-17T11:53:22","date_gmt":"2026-04-17T09:53:22","guid":{"rendered":"https:\/\/exeltis.pl\/?page_id=442"},"modified":"2026-04-17T11:53:22","modified_gmt":"2026-04-17T09:53:22","slug":"informacja-o-przetwarzaniu-danych-osobowych","status":"publish","type":"page","link":"https:\/\/exeltis.pl\/index.php\/informacja-o-przetwarzaniu-danych-osobowych\/","title":{"rendered":"Informacja o przetwarzaniu danych osobowych"},"content":{"rendered":"<p>INFORMACJA O PRZETWARZANIU DANYCH OSOBOWYCH<\/p>\n<p>1. Informacje o Administratorze: Administratorem Pa\u0144stwa danych osobowych jest Exeltis Poland sp. z o.o. z siedzib\u0105 w Warszawie, przy ul. Szamockiej 8 (01-748 Warszawa), wpisana do rejestru przedsi\u0119biorc\u00f3w Krajowego Rejestru S\u0105dowego pod nr KRS 0000247718, REGON: 140341675, NIP: 526-29-02-002, kapita\u0142 zak\u0142adowy: 3 884 000,00 PLN zwanym dalej jako: \u201eAdministrator\u201d. Z administratorem mo\u017cna skontaktowa\u0107 si\u0119 za po\u015brednictwem poczty elektronicznej przesy\u0142aj\u0105c wiadomo\u015b\u0107 na adres e-mail: dpo.poland@exeltis.com lub telefonicznie pod numerem +48 22 822 74 31.<br \/>\n2. Cel przetwarzania danych osobowych: Pa\u0144stwa dane osobowe s\u0105 przetwarzane w celu obs\u0142ugi Pa\u0144stwa zapytania, w tym kontaktu z Pa\u0144stwem w celu udzielenia odpowiedzi.<br \/>\n3. Podstawa prawna przetwarzania danych osobowych: Podstaw\u0105 przetwarzania Pa\u0144stwa danych osobowych jest prawnie uzasadniony interes Administratora polegaj\u0105cy na zapewnieniu odpowiedniej obs\u0142ugi Pa\u0144stwa zapyta\u0144 (art. 6 ust. 1 lit. f RODO). W przypadku podania przez Pa\u0144stwa danych wra\u017cliwych, w tym danych dotycz\u0105cych zdrowia, b\u0119d\u0105 one przetwarzane na podstawie Pa\u0144stwa dobrowolnej zgody (art. 9 ust. 2 lit. a RODO).<br \/>\n4. Okres przechowywania danych osobowych: Pa\u0144stwa dane osobowe b\u0119d\u0105 przetwarzane przez okres niezb\u0119dny do realizacji cel\u00f3w, w kt\u00f3rych dane s\u0105 przetwarzane b\u0105d\u017a do czasu wniesienia sprzeciwu lub do czasu wycofania zgody (je\u015bli by\u0142a udzielona) \u2013 w zale\u017cno\u015bci kt\u00f3re ze zdarze\u0144 wyst\u0105pi wcze\u015bniej. Po up\u0142ywie tego okresu dane osobowe b\u0119d\u0105 przechowywanie przez okres 10 lat od up\u0142ywu daty zg\u0142oszenia przez Pa\u0144stwa zdarzenia.<br \/>\n5. Wym\u00f3g podania danych osobowych: Podanie danych osobowych jest dobrowolne. Niepodanie danych takich jak imi\u0119, nazwisko, adres e-mail mo\u017ce skutkowa\u0107 brakiem mo\u017cliwo\u015bci przes\u0142ania zapytania oraz zwrotnego skontaktowania si\u0119 z Pa\u0144stwem. W przypadku niepodania innych danych osobowych Administrator nie uwzgl\u0119dni ich przy procesie obs\u0142ugi Pa\u0144stwa zapytania.<br \/>\n6. Dobrowolno\u015b\u0107 zgody: Zgoda na przetwarzanie danych osobowych jest dobrowolna. Nie maj\u0105 Pa\u0144stwo obowi\u0105zku jej udzielenia. Brak wyra\u017cenia zgody oznacza brak mo\u017cliwo\u015bci przetwarzania Pa\u0144stwa danych wra\u017cliwych, w tym mo\u017ce skutkowa\u0107 nieudzieleniem odpowiedzi na Pa\u0144stwa pytanie.<br \/>\n7. Prawo do wycofania zgody: Przys\u0142uguje Pa\u0144stwu prawo do wycofania zgody w dowolnym momencie. Wycofanie zgody nie wp\u0142ywa na zgodno\u015b\u0107 z prawem przetwarzania Pa\u0144stwa danych osobowych, kt\u00f3rego dokonano na podstawie zgody przed jej wycofaniem.<br \/>\n8. Odbiorcy danych osobowych: Pa\u0144stwa dane osobowe mog\u0105 by\u0107 udost\u0119pniane podmiotom \u015bwiadcz\u0105cym us\u0142ugi na rzecz Administratora, w tym us\u0142ugi wsparcia technicznego i administracyjnego. Pa\u0144stwa dane osobowe mog\u0105 zosta\u0107 przekazane do pa\u0144stwa trzeciego lub organizacji mi\u0119dzynarodowej. Podstaw\u0105 takiego przekazania mo\u017ce by\u0107 decyzja Komisji Europejskiej stwierdzaj\u0105ca odpowiedni poziom ochrony lub zastosowanie odpowiednich zabezpiecze\u0144 prawnych, kt\u00f3rymi s\u0105 w szczeg\u00f3lno\u015bci standardowe klauzule umowne, zatwierdzone przez Komisj\u0119 Europejsk\u0105. W razie niewydania przez Komisj\u0119 Europejsk\u0105 decyzji stwierdzaj\u0105cej odpowiedni poziom ochrony lub braku zapewnienia odpowiednich zabezpiecze\u0144 prawnych, Dane osobowe mog\u0105 by\u0107 przekazane do pa\u0144stwa trzeciego na podstawie jednej z przes\u0142anek wymienionych w art. 49 ust. 1 RODO. Maj\u0105 Pa\u0144stwo prawo do uzyskania kopii danych osobowych oraz uzyskania informacji o miejscu udost\u0119pnienia danych przekazywanych do pa\u0144stw trzecich.<br \/>\n9. Prawa zwi\u0105zane z przetwarzaniem danych osobowych: Maj\u0105 Pa\u0144stwo prawo \u017c\u0105dania dost\u0119pu do danych osobowych Pa\u0144stwa dotycz\u0105cych, \u017c\u0105dania ich sprostowania, \u017c\u0105dania ich usuni\u0119cia, \u017c\u0105dania ich ograniczenia przetwarzania, wniesienia sprzeciwu wobec przetwarzania, \u017c\u0105dania przeniesienia Pa\u0144stwa danych osobowych.<br \/>\n10. Prawo do skargi: Przys\u0142uguje Pa\u0144stwu prawo do wniesienia skargi do organu nadzorczego, tj. Prezesa Urz\u0119du Ochrony Danych Osobowych w Warszawie, w zwi\u0105zku z przetwarzaniem Pa\u0144stwa danych osobowych przez Administratora.<\/p>\n","protected":false},"excerpt":{"rendered":"<p>INFORMACJA O PRZETWARZANIU DANYCH OSOBOWYCH 1. Informacje o Administratorze: Administratorem Pa\u0144stwa danych osobowych jest Exeltis Poland sp. z o.o. z siedzib\u0105 w Warszawie, przy ul. Szamockiej 8 (01-748 Warszawa), wpisana do rejestru przedsi\u0119biorc\u00f3w Krajowego Rejestru S\u0105dowego pod nr KRS 0000247718, REGON: 140341675, NIP: 526-29-02-002, kapita\u0142 zak\u0142adowy: 3 884 000,00 PLN zwanym dalej jako: \u201eAdministrator\u201d. Z [&hellip;]<\/p>\n","protected":false},"author":1,"featured_media":0,"parent":0,"menu_order":0,"comment_status":"closed","ping_status":"closed","template":"","meta":{"footnotes":""},"class_list":["post-442","page","type-page","status-publish","czr-hentry"],"_links":{"self":[{"href":"https:\/\/exeltis.pl\/index.php\/wp-json\/wp\/v2\/pages\/442","targetHints":{"allow":["GET"]}}],"collection":[{"href":"https:\/\/exeltis.pl\/index.php\/wp-json\/wp\/v2\/pages"}],"about":[{"href":"https:\/\/exeltis.pl\/index.php\/wp-json\/wp\/v2\/types\/page"}],"author":[{"embeddable":true,"href":"https:\/\/exeltis.pl\/index.php\/wp-json\/wp\/v2\/users\/1"}],"replies":[{"embeddable":true,"href":"https:\/\/exeltis.pl\/index.php\/wp-json\/wp\/v2\/comments?post=442"}],"version-history":[{"count":1,"href":"https:\/\/exeltis.pl\/index.php\/wp-json\/wp\/v2\/pages\/442\/revisions"}],"predecessor-version":[{"id":443,"href":"https:\/\/exeltis.pl\/index.php\/wp-json\/wp\/v2\/pages\/442\/revisions\/443"}],"wp:attachment":[{"href":"https:\/\/exeltis.pl\/index.php\/wp-json\/wp\/v2\/media?parent=442"}],"curies":[{"name":"wp","href":"https:\/\/api.w.org\/{rel}","templated":true}]}}