{"id":60,"date":"2023-10-03T13:48:46","date_gmt":"2023-10-03T11:48:46","guid":{"rendered":"http:\/\/nowa.exeltis.pl\/?page_id=60"},"modified":"2024-07-01T11:01:52","modified_gmt":"2024-07-01T09:01:52","slug":"zglos-dzialanie-niepozadane","status":"publish","type":"page","link":"https:\/\/exeltis.pl\/index.php\/zglos-dzialanie-niepozadane\/","title":{"rendered":"Zg\u0142o\u015b dzia\u0142anie niepo\u017c\u0105dane"},"content":{"rendered":"\r\n<p>Exeltis Poland Sp. z o.o. jest zobowi\u0105zana ustaw\u0105 z dnia 6 wrze\u015bnia 2001 r. Prawo farmaceutyczne do prowadzenia rejestru wszelkich dzia\u0142a\u0144 niepo\u017c\u0105danych, dotycz\u0105cych w\u0142asnych produkt\u00f3w leczniczych, zg\u0142aszanych przez osoby wykonuj\u0105ce zaw\u00f3d medyczny (lekarz, lekarz dentysta, farmaceuta, felczer, piel\u0119gniarka, po\u0142o\u017cna, diagnosta laboratoryjny, ratownik medyczny, technik farmaceutyczny) oraz pacjent\u00f3w lub ich opiekun\u00f3w.<\/p>\r\n\r\n\r\n\r\n<h3 class=\"wp-block-heading\">Dzia\u0142anie niepo\u017c\u0105dane &#8211; ka\u017cde niekorzystne i niezamierzone dzia\u0142anie produktu leczniczego.<\/h3>\r\n\r\n\r\n\r\n<p>Je\u017celi jeste\u015b pacjentem lub opiekunem pacjenta, u kt\u00f3rego po zastosowaniu kt\u00f3rego\u015b z produkt\u00f3w Exeltis Poland Sp. z o.o. wyst\u0105pi\u0142y dzia\u0142ania niepo\u017c\u0105dane lub jeste\u015b lekarzem \/ farmaceut\u0105 \/pracownikiem s\u0142u\u017cby zdrowia i chcia\u0142by\u015b zg\u0142osi\u0107 dzia\u0142anie niepo\u017c\u0105dane, kt\u00f3re wyst\u0105pi\u0142o u Twojego pacjenta podczas stosowania naszego produktu leczniczego, prosimy o poinformowanie nas o tym za pomoc\u0105 formularza zg\u0142oszenia dzia\u0142a\u0144 niepo\u017c\u0105danych.<\/p>\r\n\r\n\r\n\r\n<p>Przes\u0142ane przez Pa\u0144stwa zg\u0142oszenie zostanie przez nas przeanalizowane, a przedstawiciel firmy mo\u017ce skontaktowa\u0107 si\u0119 z Pa\u0144stwem w celu uzyskania dodatkowych informacji.<\/p>\r\n\r\n\r\n\r\n\r\n\r\n<h2 class=\"wp-block-heading\"><a href=\"https:\/\/exeltis.pl\/wp-content\/uploads\/2024\/07\/Produkt-leczniczy_form_lek.pdf\"><u>Pobierz formularz zg\u0142oszenia niepo\u017c\u0105danego dzia\u0142ania leku w formacie PDF<\/u><\/a><\/h2>\r\n\r\n\r\n\r\n\r\n\r\n<h2 class=\"wp-block-heading\"><a href=\"https:\/\/exeltis.pl\/wp-content\/uploads\/2024\/07\/Produkt-Leczniczy_form_ciaza.pdf\"><u>Pobierz formularz zg\u0142oszenia nara\u017cenia na lek w czasie ci\u0105\u017cy w formacie PDF<\/u><\/a><\/h2>\r\n\r\n\r\n\r\n<p>Zgodnie z art. 13 og\u00f3lnego Rozporz\u0105dzenia o ochronie danych osobowych z dnia 27 kwietnia 2016 r. (RODO) informujemy, i\u017c administratorem Pani\/Pana danych osobowych\u00a0 jest Exeltis Poland Sp. z o.o.<\/p>\r\n\r\n\r\n\r\n<p>Zgodnie z obowi\u0105zuj\u0105cym prawem, Pani\/Pana dane osobowe s\u0105 gromadzone w celu monitorowania dzia\u0142a\u0144 niepo\u017c\u0105danych po zastosowaniu produkt\u00f3w leczniczych, kt\u00f3rych podmiotem odpowiedzialnym jest Exeltis Poland Sp. z o.o. oraz przechowywane w dokumentacji dotycz\u0105cej bezpiecze\u0144stwa stosowania produkt\u00f3w leczniczych tzw. PHARMACOVIGILANCE.<\/p>\r\n\r\n\r\n\r\n<p>Ma Pani\/Pan prawo do \u017c\u0105dania dost\u0119pu do swoich danych osobowych, ich poprawienia, prawo sprzeciwu wobec ich przetwarzania w wy\u017cej opisanym celu, a tak\u017ce prawo za\u017c\u0105dania zaprzestania przetwarzania i usuni\u0119cia swoich danych osobowych poprzez pisemn\u0105 korespondencj\u0119 na adres: Exeltis Poland Sp. z o.o., ul. Szamocka 8, 01-748 Warszawa.<\/p>\r\n\r\n\r\n\r\n<p><small><br \/>Data ostatniej modyfikacji: 01\/07\/2024<\/small><\/p>\r\n","protected":false},"excerpt":{"rendered":"<p>Exeltis Poland Sp. z o.o. jest zobowi\u0105zana ustaw\u0105 z dnia 6 wrze\u015bnia 2001 r. Prawo farmaceutyczne do prowadzenia rejestru wszelkich dzia\u0142a\u0144 niepo\u017c\u0105danych, dotycz\u0105cych w\u0142asnych produkt\u00f3w leczniczych, zg\u0142aszanych przez osoby wykonuj\u0105ce zaw\u00f3d medyczny (lekarz, lekarz dentysta, farmaceuta, felczer, piel\u0119gniarka, po\u0142o\u017cna, diagnosta laboratoryjny, ratownik medyczny, technik farmaceutyczny) oraz pacjent\u00f3w lub ich opiekun\u00f3w. Dzia\u0142anie niepo\u017c\u0105dane &#8211; ka\u017cde niekorzystne [&hellip;]<\/p>\n","protected":false},"author":1,"featured_media":0,"parent":0,"menu_order":0,"comment_status":"closed","ping_status":"closed","template":"","meta":{"footnotes":""},"class_list":["post-60","page","type-page","status-publish","czr-hentry"],"_links":{"self":[{"href":"https:\/\/exeltis.pl\/index.php\/wp-json\/wp\/v2\/pages\/60","targetHints":{"allow":["GET"]}}],"collection":[{"href":"https:\/\/exeltis.pl\/index.php\/wp-json\/wp\/v2\/pages"}],"about":[{"href":"https:\/\/exeltis.pl\/index.php\/wp-json\/wp\/v2\/types\/page"}],"author":[{"embeddable":true,"href":"https:\/\/exeltis.pl\/index.php\/wp-json\/wp\/v2\/users\/1"}],"replies":[{"embeddable":true,"href":"https:\/\/exeltis.pl\/index.php\/wp-json\/wp\/v2\/comments?post=60"}],"version-history":[{"count":4,"href":"https:\/\/exeltis.pl\/index.php\/wp-json\/wp\/v2\/pages\/60\/revisions"}],"predecessor-version":[{"id":345,"href":"https:\/\/exeltis.pl\/index.php\/wp-json\/wp\/v2\/pages\/60\/revisions\/345"}],"wp:attachment":[{"href":"https:\/\/exeltis.pl\/index.php\/wp-json\/wp\/v2\/media?parent=60"}],"curies":[{"name":"wp","href":"https:\/\/api.w.org\/{rel}","templated":true}]}}